{"id":68,"date":"2025-09-19T10:03:49","date_gmt":"2025-09-19T10:03:49","guid":{"rendered":"https:\/\/www.monkadigital.com\/?page_id=68"},"modified":"2025-09-23T13:38:34","modified_gmt":"2025-09-23T13:38:34","slug":"grafik-tasarim","status":"publish","type":"page","link":"https:\/\/www.monkadigital.com\/index.php\/grafik-tasarim\/","title":{"rendered":"Grafik Tasar\u0131m"},"content":{"rendered":"\n<p>Tasar\u0131m, markan\u0131z\u0131n d\u0131\u015f d\u00fcnyaya s\u00f6yledi\u011fi ilk s\u00f6zd\u00fcr.<br>Sizi anlatan, sizi farkl\u0131la\u015ft\u0131ran ve ak\u0131lda kalman\u0131z\u0131 sa\u011flayan o g\u00fc\u00e7l\u00fc ilk izlenimdir.<\/p>\n\n\n\n<p><strong>Monka Digital<\/strong> olarak, grafik tasar\u0131m s\u00fcrecinde modern, sade ve etkili bir dil kullan\u0131yoruz.<br>Her g\u00f6rsel, her renk ve her detay; markan\u0131z\u0131n kimli\u011fine uyumlu, mesaj\u0131n\u0131za hizmet eden bir yap\u0131da haz\u0131rlan\u0131r.<\/p>\n\n\n\n<p>Logodan sosyal medya g\u00f6rsellerine, reklam materyallerinden kampanya tasar\u0131mlar\u0131na kadar her i\u015fimizde estetik kadar i\u015flevselli\u011fi de \u00f6n planda tutuyoruz. \u00c7\u00fcnk\u00fc bizce tasar\u0131m, sadece g\u00fczel g\u00f6r\u00fcnmek de\u011fil; <strong>do\u011fru mesaj\u0131 do\u011fru \u015fekilde iletmek<\/strong> demektir.<\/p>\n\n\n\n<p>\u00d6zg\u00fcnl\u00fc\u011f\u00fc, sadeli\u011fi ve stratejik d\u00fc\u015f\u00fcnceyi birle\u015ftiriyor; markan\u0131z\u0131 g\u00f6rsel olarak bir ad\u0131m \u00f6ne \u00e7\u0131kar\u0131yoruz.<br><strong>G\u00f6r\u00fcn\u00fcr olmakla kalmay\u0131n, hat\u0131rlan\u0131r olun.<\/strong><\/p>\n","protected":false},"excerpt":{"rendered":"<p>Tasar\u0131m, markan\u0131z\u0131n d\u0131\u015f d\u00fcnyaya s\u00f6yledi\u011fi ilk s\u00f6zd\u00fcr.Sizi anlatan, sizi farkl\u0131la\u015ft\u0131ran ve ak\u0131lda kalman\u0131z\u0131 sa\u011flayan o g\u00fc\u00e7l\u00fc ilk izlenimdir. Monka Digital olarak, grafik tasar\u0131m s\u00fcrecinde modern, sade ve etkili bir dil kullan\u0131yoruz.Her g\u00f6rsel, her renk ve her detay; markan\u0131z\u0131n kimli\u011fine uyumlu, mesaj\u0131n\u0131za hizmet eden bir yap\u0131da haz\u0131rlan\u0131r. Logodan sosyal medya g\u00f6rsellerine, reklam materyallerinden kampanya tasar\u0131mlar\u0131na kadar [&hellip;]<\/p>\n","protected":false},"author":1,"featured_media":0,"parent":0,"menu_order":0,"comment_status":"closed","ping_status":"closed","template":"page-no-header-image","meta":{"footnotes":""},"class_list":["post-68","page","type-page","status-publish","hentry"],"_links":{"self":[{"href":"https:\/\/www.monkadigital.com\/index.php\/wp-json\/wp\/v2\/pages\/68","targetHints":{"allow":["GET"]}}],"collection":[{"href":"https:\/\/www.monkadigital.com\/index.php\/wp-json\/wp\/v2\/pages"}],"about":[{"href":"https:\/\/www.monkadigital.com\/index.php\/wp-json\/wp\/v2\/types\/page"}],"author":[{"embeddable":true,"href":"https:\/\/www.monkadigital.com\/index.php\/wp-json\/wp\/v2\/users\/1"}],"replies":[{"embeddable":true,"href":"https:\/\/www.monkadigital.com\/index.php\/wp-json\/wp\/v2\/comments?post=68"}],"version-history":[{"count":2,"href":"https:\/\/www.monkadigital.com\/index.php\/wp-json\/wp\/v2\/pages\/68\/revisions"}],"predecessor-version":[{"id":291,"href":"https:\/\/www.monkadigital.com\/index.php\/wp-json\/wp\/v2\/pages\/68\/revisions\/291"}],"wp:attachment":[{"href":"https:\/\/www.monkadigital.com\/index.php\/wp-json\/wp\/v2\/media?parent=68"}],"curies":[{"name":"wp","href":"https:\/\/api.w.org\/{rel}","templated":true}]}}