{"id":66,"date":"2025-09-19T10:03:14","date_gmt":"2025-09-19T10:03:14","guid":{"rendered":"https:\/\/www.monkadigital.com\/?page_id=66"},"modified":"2025-09-23T13:36:50","modified_gmt":"2025-09-23T13:36:50","slug":"sosyal-medya","status":"publish","type":"page","link":"https:\/\/www.monkadigital.com\/index.php\/sosyal-medya\/","title":{"rendered":"Sosyal Medya"},"content":{"rendered":"\n<p>Sosyal medya, markan\u0131z\u0131n m\u00fc\u015fterileriyle en yak\u0131n temas kurdu\u011fu alanlardan biridir. Ama bu alan sadece \u00fcr\u00fcn tan\u0131t\u0131m\u0131yla s\u0131n\u0131rl\u0131 kalmamal\u0131.<br>\u0130nsanlar\u0131n g\u00fcvenini kazanman\u0131n yolu, ger\u00e7ek ve samimi hik\u00e2yeler anlatmaktan ge\u00e7er.<\/p>\n\n\n\n<p><strong>Monka Digital<\/strong> olarak, yaln\u0131zca payla\u015fmakla kalmay\u0131p, hedef kitlenizin ilgisini \u00e7ekecek i\u00e7erikler \u00fcretiriz.<br>M\u00fc\u015fteri yorumlar\u0131, ba\u015far\u0131 hik\u00e2yeleri, kamera arkas\u0131 i\u00e7erikleri ve markan\u0131za duyulan g\u00fcveni g\u00f6steren payla\u015f\u0131mlar ile markan\u0131z\u0131 daha g\u00fc\u00e7l\u00fc bir \u015fekilde konumland\u0131r\u0131r\u0131z.<\/p>\n\n\n\n<p>\u0130yi bir sosyal medya stratejisi, trendlerin pe\u015finden ko\u015fmaz; trendleri belirler.<br>Sekt\u00f6r\u00fcn\u00fczde fark yaratacak i\u00e7erikler \u00fcretir, markan\u0131z\u0131 sadece bir sat\u0131c\u0131 olarak de\u011fil, bilgi veren ve ilham olan bir marka olarak konumland\u0131r\u0131r\u0131z.<\/p>\n\n\n\n<p>Unutmay\u0131n: Etkile\u015fimi olmayan bir sosyal medya hesab\u0131, g\u00f6r\u00fcnmeyen bir markad\u0131r.<br>Siz i\u015finize odaklan\u0131n, sosyal medyada sesinizi duyurmak i\u00e7in gereken strateji ve yarat\u0131c\u0131l\u0131\u011f\u0131 <strong>Monka Digital<\/strong> \u00fcstlensin.<\/p>\n","protected":false},"excerpt":{"rendered":"<p>Sosyal medya, markan\u0131z\u0131n m\u00fc\u015fterileriyle en yak\u0131n temas kurdu\u011fu alanlardan biridir. Ama bu alan sadece \u00fcr\u00fcn tan\u0131t\u0131m\u0131yla s\u0131n\u0131rl\u0131 kalmamal\u0131.\u0130nsanlar\u0131n g\u00fcvenini kazanman\u0131n yolu, ger\u00e7ek ve samimi hik\u00e2yeler anlatmaktan ge\u00e7er. Monka Digital olarak, yaln\u0131zca payla\u015fmakla kalmay\u0131p, hedef kitlenizin ilgisini \u00e7ekecek i\u00e7erikler \u00fcretiriz.M\u00fc\u015fteri yorumlar\u0131, ba\u015far\u0131 hik\u00e2yeleri, kamera arkas\u0131 i\u00e7erikleri ve markan\u0131za duyulan g\u00fcveni g\u00f6steren payla\u015f\u0131mlar ile markan\u0131z\u0131 daha g\u00fc\u00e7l\u00fc [&hellip;]<\/p>\n","protected":false},"author":1,"featured_media":0,"parent":0,"menu_order":0,"comment_status":"closed","ping_status":"closed","template":"page-no-header-image","meta":{"footnotes":""},"class_list":["post-66","page","type-page","status-publish","hentry"],"_links":{"self":[{"href":"https:\/\/www.monkadigital.com\/index.php\/wp-json\/wp\/v2\/pages\/66","targetHints":{"allow":["GET"]}}],"collection":[{"href":"https:\/\/www.monkadigital.com\/index.php\/wp-json\/wp\/v2\/pages"}],"about":[{"href":"https:\/\/www.monkadigital.com\/index.php\/wp-json\/wp\/v2\/types\/page"}],"author":[{"embeddable":true,"href":"https:\/\/www.monkadigital.com\/index.php\/wp-json\/wp\/v2\/users\/1"}],"replies":[{"embeddable":true,"href":"https:\/\/www.monkadigital.com\/index.php\/wp-json\/wp\/v2\/comments?post=66"}],"version-history":[{"count":2,"href":"https:\/\/www.monkadigital.com\/index.php\/wp-json\/wp\/v2\/pages\/66\/revisions"}],"predecessor-version":[{"id":290,"href":"https:\/\/www.monkadigital.com\/index.php\/wp-json\/wp\/v2\/pages\/66\/revisions\/290"}],"wp:attachment":[{"href":"https:\/\/www.monkadigital.com\/index.php\/wp-json\/wp\/v2\/media?parent=66"}],"curies":[{"name":"wp","href":"https:\/\/api.w.org\/{rel}","templated":true}]}}