{"id":64,"date":"2025-09-19T10:02:56","date_gmt":"2025-09-19T10:02:56","guid":{"rendered":"https:\/\/www.monkadigital.com\/?page_id=64"},"modified":"2025-09-23T13:35:14","modified_gmt":"2025-09-23T13:35:14","slug":"dijital-pazarlama","status":"publish","type":"page","link":"https:\/\/www.monkadigital.com\/index.php\/dijital-pazarlama\/","title":{"rendered":"Dijital Pazarlama"},"content":{"rendered":"\n<p>Google\u2019da yer almayan bir i\u015fletme, arayan m\u00fc\u015fterilere hi\u00e7 ula\u015famaz.<br>Instagram ve Facebook\u2019ta g\u00f6r\u00fcnmeyen bir marka, potansiyelini s\u0131n\u0131rlam\u0131\u015f olur.<\/p>\n\n\n\n<p><strong>Monka Digital<\/strong> olarak dijital pazarlaman\u0131n g\u00fcc\u00fcn\u00fc kullanarak markan\u0131z\u0131 hem arama motorlar\u0131nda hem de sosyal medyada \u00f6ne \u00e7\u0131kar\u0131yoruz.<br>Google reklamlar\u0131yla hedef kitleniz sizi tam da sizi arad\u0131klar\u0131 anda bulur.<br>Instagram ve Facebook kampanyalar\u0131yla ise do\u011fru mesajlarla, do\u011fru ki\u015filere ula\u015f\u0131rs\u0131n\u0131z.<\/p>\n\n\n\n<p>Bizim i\u00e7in dijital pazarlama sadece reklam vermek de\u011fil, markan\u0131z i\u00e7in s\u00fcrd\u00fcr\u00fclebilir bir b\u00fcy\u00fcme stratejisi kurmakt\u0131r. Hedef kitlenize ula\u015fman\u0131z\u0131, sat\u0131\u015flar\u0131n\u0131z\u0131 art\u0131rman\u0131z\u0131 ve dijital d\u00fcnyada g\u00fc\u00e7l\u00fc bir iz b\u0131rakman\u0131z\u0131 sa\u011fl\u0131yoruz.<\/p>\n","protected":false},"excerpt":{"rendered":"<p>Google\u2019da yer almayan bir i\u015fletme, arayan m\u00fc\u015fterilere hi\u00e7 ula\u015famaz.Instagram ve Facebook\u2019ta g\u00f6r\u00fcnmeyen bir marka, potansiyelini s\u0131n\u0131rlam\u0131\u015f olur. Monka Digital olarak dijital pazarlaman\u0131n g\u00fcc\u00fcn\u00fc kullanarak markan\u0131z\u0131 hem arama motorlar\u0131nda hem de sosyal medyada \u00f6ne \u00e7\u0131kar\u0131yoruz.Google reklamlar\u0131yla hedef kitleniz sizi tam da sizi arad\u0131klar\u0131 anda bulur.Instagram ve Facebook kampanyalar\u0131yla ise do\u011fru mesajlarla, do\u011fru ki\u015filere ula\u015f\u0131rs\u0131n\u0131z. Bizim i\u00e7in [&hellip;]<\/p>\n","protected":false},"author":1,"featured_media":0,"parent":0,"menu_order":0,"comment_status":"closed","ping_status":"closed","template":"page-no-header-image","meta":{"footnotes":""},"class_list":["post-64","page","type-page","status-publish","hentry"],"_links":{"self":[{"href":"https:\/\/www.monkadigital.com\/index.php\/wp-json\/wp\/v2\/pages\/64","targetHints":{"allow":["GET"]}}],"collection":[{"href":"https:\/\/www.monkadigital.com\/index.php\/wp-json\/wp\/v2\/pages"}],"about":[{"href":"https:\/\/www.monkadigital.com\/index.php\/wp-json\/wp\/v2\/types\/page"}],"author":[{"embeddable":true,"href":"https:\/\/www.monkadigital.com\/index.php\/wp-json\/wp\/v2\/users\/1"}],"replies":[{"embeddable":true,"href":"https:\/\/www.monkadigital.com\/index.php\/wp-json\/wp\/v2\/comments?post=64"}],"version-history":[{"count":3,"href":"https:\/\/www.monkadigital.com\/index.php\/wp-json\/wp\/v2\/pages\/64\/revisions"}],"predecessor-version":[{"id":289,"href":"https:\/\/www.monkadigital.com\/index.php\/wp-json\/wp\/v2\/pages\/64\/revisions\/289"}],"wp:attachment":[{"href":"https:\/\/www.monkadigital.com\/index.php\/wp-json\/wp\/v2\/media?parent=64"}],"curies":[{"name":"wp","href":"https:\/\/api.w.org\/{rel}","templated":true}]}}