{"id":56,"date":"2025-09-19T09:52:05","date_gmt":"2025-09-19T09:52:05","guid":{"rendered":"https:\/\/www.monkadigital.com\/?page_id=56"},"modified":"2025-09-23T13:33:05","modified_gmt":"2025-09-23T13:33:05","slug":"web-tasarim","status":"publish","type":"page","link":"https:\/\/www.monkadigital.com\/index.php\/web-tasarim\/","title":{"rendered":"Web Tasar\u0131m"},"content":{"rendered":"\n<p>Web siteniz, markan\u0131z\u0131n dijital d\u00fcnyadaki y\u00fcz\u00fcd\u00fcr. Sadece bir kod y\u0131\u011f\u0131n\u0131 de\u011fil; hedef kitlenizle kurdu\u011funuz ilk temas, ilk izlenim ve en g\u00fc\u00e7l\u00fc ileti\u015fim arac\u0131d\u0131r. Bu y\u00fczden tasar\u0131m s\u00fcreci yaln\u0131zca estetik de\u011fil, stratejik bir yakla\u015f\u0131mla ele al\u0131nmal\u0131d\u0131r.<\/p>\n\n\n\n<p><strong>Monka Digital<\/strong> olarak, web tasar\u0131m s\u00fcrecini yaln\u0131zca teknik bir i\u015f de\u011fil, bir yarat\u0131m s\u00fcreci olarak g\u00f6r\u00fcyoruz. Markan\u0131z\u0131n kimli\u011fini, de\u011ferlerini ve hedeflerini anlayarak i\u015fe ba\u015flar, her detayda bu anlay\u0131\u015f\u0131 yans\u0131t\u0131r\u0131z.<br>Tasar\u0131m a\u015famas\u0131ndan i\u00e7erik planlamas\u0131na, kullan\u0131c\u0131 deneyiminden mobil uyumlulu\u011fa kadar her ad\u0131m\u0131 sizin yerinize kurguluyoruz.<\/p>\n\n\n\n<p>K\u0131sacas\u0131, dijital varl\u0131\u011f\u0131n\u0131z\u0131 s\u0131f\u0131rdan al\u0131yor, profesyonel ve etkili bir web sitesine d\u00f6n\u00fc\u015ft\u00fcr\u00fcyoruz. \u00dcstelik tamamen anahtar teslim.<\/p>\n\n\n\n<p><\/p>\n","protected":false},"excerpt":{"rendered":"<p>Web siteniz, markan\u0131z\u0131n dijital d\u00fcnyadaki y\u00fcz\u00fcd\u00fcr. Sadece bir kod y\u0131\u011f\u0131n\u0131 de\u011fil; hedef kitlenizle kurdu\u011funuz ilk temas, ilk izlenim ve en g\u00fc\u00e7l\u00fc ileti\u015fim arac\u0131d\u0131r. Bu y\u00fczden tasar\u0131m s\u00fcreci yaln\u0131zca estetik de\u011fil, stratejik bir yakla\u015f\u0131mla ele al\u0131nmal\u0131d\u0131r. Monka Digital olarak, web tasar\u0131m s\u00fcrecini yaln\u0131zca teknik bir i\u015f de\u011fil, bir yarat\u0131m s\u00fcreci olarak g\u00f6r\u00fcyoruz. Markan\u0131z\u0131n kimli\u011fini, de\u011ferlerini ve [&hellip;]<\/p>\n","protected":false},"author":1,"featured_media":0,"parent":0,"menu_order":0,"comment_status":"closed","ping_status":"closed","template":"page-no-header-image","meta":{"footnotes":""},"class_list":["post-56","page","type-page","status-publish","hentry"],"_links":{"self":[{"href":"https:\/\/www.monkadigital.com\/index.php\/wp-json\/wp\/v2\/pages\/56","targetHints":{"allow":["GET"]}}],"collection":[{"href":"https:\/\/www.monkadigital.com\/index.php\/wp-json\/wp\/v2\/pages"}],"about":[{"href":"https:\/\/www.monkadigital.com\/index.php\/wp-json\/wp\/v2\/types\/page"}],"author":[{"embeddable":true,"href":"https:\/\/www.monkadigital.com\/index.php\/wp-json\/wp\/v2\/users\/1"}],"replies":[{"embeddable":true,"href":"https:\/\/www.monkadigital.com\/index.php\/wp-json\/wp\/v2\/comments?post=56"}],"version-history":[{"count":3,"href":"https:\/\/www.monkadigital.com\/index.php\/wp-json\/wp\/v2\/pages\/56\/revisions"}],"predecessor-version":[{"id":288,"href":"https:\/\/www.monkadigital.com\/index.php\/wp-json\/wp\/v2\/pages\/56\/revisions\/288"}],"wp:attachment":[{"href":"https:\/\/www.monkadigital.com\/index.php\/wp-json\/wp\/v2\/media?parent=56"}],"curies":[{"name":"wp","href":"https:\/\/api.w.org\/{rel}","templated":true}]}}