{"id":34,"date":"2025-09-19T08:56:47","date_gmt":"2025-09-19T08:56:47","guid":{"rendered":"https:\/\/www.monkadigital.com\/?page_id=34"},"modified":"2025-09-23T13:26:46","modified_gmt":"2025-09-23T13:26:46","slug":"neler-yapiyoruz","status":"publish","type":"page","link":"https:\/\/www.monkadigital.com\/index.php\/neler-yapiyoruz\/","title":{"rendered":"Neler Yap\u0131yoruz?"},"content":{"rendered":"\n<div id=\"custom-tabs\" class=\"wp-block-group wow animate__animated animate__fadeInUp is-layout-constrained wp-container-core-group-is-layout-7a3688e9 wp-block-group-is-layout-constrained\">\n<div id=\"service-cards-1\" class=\"wp-block-group service-cards is-layout-constrained wp-container-core-group-is-layout-12243e0f wp-block-group-is-layout-constrained\">\n<div class=\"wp-block-columns are-vertically-aligned-center service-main-box is-layout-flex wp-container-core-columns-is-layout-cf05694f wp-block-columns-is-layout-flex\">\n<div class=\"wp-block-column is-vertically-aligned-center service-box1 wow bounceInDown center has-background is-layout-flow wp-block-column-is-layout-flow\" style=\"border-radius:15px;background-color:#780cab;padding-top:0;padding-right:0;padding-bottom:0;padding-left:0\">\n<div class=\"wp-block-group services-inner-box has-border-color has-background is-layout-constrained wp-container-core-group-is-layout-1595a17d wp-block-group-is-layout-constrained\" style=\"border-color:#eaebee;border-width:1px;background:linear-gradient(135deg,rgb(255,237,241) 1%,rgb(241,240,255) 51%,rgb(236,242,252) 100%);padding-top:var(--wp--preset--spacing--70);padding-right:var(--wp--preset--spacing--50);padding-bottom:var(--wp--preset--spacing--70);padding-left:var(--wp--preset--spacing--50)\">\n<figure class=\"wp-block-image aligncenter size-full is-resized has-custom-border service-icon wp-duotone-unset-1\"><img loading=\"lazy\" decoding=\"async\" width=\"96\" height=\"96\" src=\"https:\/\/www.monkadigital.com\/wp-content\/uploads\/2025\/09\/Frame-1.png\" alt=\"\" class=\"wp-image-170\" style=\"border-radius:10px;width:auto;height:50px\"\/><\/figure>\n\n\n\n<h4 class=\"wp-block-heading has-text-align-center service-heading has-heading-color has-text-color has-link-color wp-elements-069336b29c8e3d87735e3cadcead139e\" style=\"margin-top:0;margin-bottom:0;font-size:18px;font-style:normal;font-weight:600\"><a href=\"#\">Web Tasar\u0131m<\/a><\/h4>\n\n\n\n<p class=\"has-text-align-center service-text has-text-color has-link-color wp-elements-94c0d29056f8b280b33e77c7e3016ced\" style=\"color:#1f2a44;margin-top:var(--wp--preset--spacing--20);margin-right:0;margin-bottom:var(--wp--preset--spacing--20);margin-left:0;padding-right:var(--wp--preset--spacing--20);padding-left:var(--wp--preset--spacing--20);font-size:16px\"><mark style=\"background-color:rgba(0, 0, 0, 0);color:#1f2a44\" class=\"has-inline-color\">Mobil uyumlu, modern ve h\u0131zl\u0131 web siteleri tasarl\u0131yoruz<\/mark><\/p>\n\n\n\n<div class=\"wp-block-buttons service-btn is-content-justification-center is-layout-flex wp-container-core-buttons-is-layout-e3757797 wp-block-buttons-is-layout-flex\" style=\"margin-top:0;margin-bottom:0;padding-top:0;padding-right:0;padding-bottom:0;padding-left:0\">\n<div class=\"wp-block-button\"><a class=\"wp-block-button__link has-primary-color has-background-background-color has-text-color has-background has-link-color has-custom-font-size wp-element-button\" href=\"https:\/\/www.monkadigital.com\/index.php\/web-tasarim\/\" style=\"border-radius:50px;padding-top:var(--wp--preset--spacing--20);padding-right:var(--wp--preset--spacing--40);padding-bottom:var(--wp--preset--spacing--20);padding-left:var(--wp--preset--spacing--40);font-size:20px;line-height:1.5\"><img decoding=\"async\" class=\"wp-image-22\" style=\"width: 12px;\" src=\"https:\/\/www.monkadigital.com\/wp-content\/themes\/creative-design-agency\/assets\/images\/arrow.png\" alt=\"\"><\/a><\/div>\n<\/div>\n<\/div>\n<\/div>\n\n\n\n<div class=\"wp-block-column is-vertically-aligned-center service-box2 wow bounceInDown center has-background is-layout-flow wp-block-column-is-layout-flow\" style=\"border-radius:15px;background-color:#0000;padding-top:0;padding-right:0;padding-bottom:0;padding-left:0\">\n<div class=\"wp-block-group services-inner-box is-style-default has-border-color has-background is-layout-constrained wp-container-core-group-is-layout-1595a17d wp-block-group-is-layout-constrained\" style=\"border-color:#eaebee;border-width:1px;background:linear-gradient(135deg,rgb(255,237,241) 3%,rgb(241,240,255) 54%,rgb(236,242,252) 100%);padding-top:var(--wp--preset--spacing--70);padding-right:var(--wp--preset--spacing--50);padding-bottom:var(--wp--preset--spacing--70);padding-left:var(--wp--preset--spacing--50)\">\n<figure class=\"wp-block-image aligncenter size-full is-resized has-custom-border service-icon wp-duotone-unset-2\"><img loading=\"lazy\" decoding=\"async\" width=\"96\" height=\"96\" src=\"https:\/\/www.monkadigital.com\/wp-content\/uploads\/2025\/09\/Frame-3.png\" alt=\"\" class=\"wp-image-173\" style=\"border-radius:10px;width:auto;height:50px\"\/><\/figure>\n\n\n\n<h4 class=\"wp-block-heading has-text-align-center service-heading has-heading-color has-text-color has-link-color wp-elements-0c8b806f1a192922c46aa37141925f0c\" style=\"margin-top:0;margin-bottom:0;font-size:18px;font-style:normal;font-weight:600\"><a href=\"#\">Dijital Pazarlama<\/a><\/h4>\n\n\n\n<p class=\"has-text-align-center service-text has-text-color has-link-color wp-elements-c3e09cd09f399c47bd91d3f041d5d8a9\" style=\"color:#1f2a44;margin-top:var(--wp--preset--spacing--20);margin-right:0;margin-bottom:var(--wp--preset--spacing--20);margin-left:0;padding-right:var(--wp--preset--spacing--20);padding-left:var(--wp--preset--spacing--20);font-size:16px\"><mark style=\"background-color:rgba(0, 0, 0, 0);color:#1f2a44\" class=\"has-inline-color\">Google ve sosyal medya reklamlar\u0131yla sizi \u00f6ne \u00e7\u0131kar\u0131yoruz<\/mark><\/p>\n\n\n\n<div class=\"wp-block-buttons service-btn is-content-justification-center is-layout-flex wp-container-core-buttons-is-layout-e3757797 wp-block-buttons-is-layout-flex\" style=\"margin-top:0;margin-bottom:0;padding-top:0;padding-right:0;padding-bottom:0;padding-left:0\">\n<div class=\"wp-block-button\"><a class=\"wp-block-button__link has-background-background-color has-background has-text-align-center has-custom-font-size wp-element-button\" href=\"https:\/\/www.monkadigital.com\/index.php\/dijital-pazarlama\/\" style=\"border-radius:50px;padding-top:var(--wp--preset--spacing--20);padding-right:var(--wp--preset--spacing--40);padding-bottom:var(--wp--preset--spacing--20);padding-left:var(--wp--preset--spacing--40);font-size:20px;line-height:1.5\"><img decoding=\"async\" class=\"wp-image-22\" style=\"width: 12px;\" src=\"https:\/\/www.monkadigital.com\/wp-content\/themes\/creative-design-agency\/assets\/images\/arrow02.png\" alt=\"\"><\/a><\/div>\n<\/div>\n<\/div>\n<\/div>\n\n\n\n<div class=\"wp-block-column is-vertically-aligned-center service-box3 wow bounceInDown center has-background is-layout-flow wp-block-column-is-layout-flow\" style=\"border-radius:15px;background-color:#780cab;padding-top:0;padding-right:0;padding-bottom:0;padding-left:0\">\n<div class=\"wp-block-group services-inner-box has-border-color has-background is-layout-constrained wp-container-core-group-is-layout-1595a17d wp-block-group-is-layout-constrained\" style=\"border-color:#eaebee;border-width:1px;background:linear-gradient(135deg,rgb(255,237,241) 0%,rgb(241,240,255) 51%,rgb(236,242,252) 100%);padding-top:var(--wp--preset--spacing--70);padding-right:var(--wp--preset--spacing--50);padding-bottom:var(--wp--preset--spacing--70);padding-left:var(--wp--preset--spacing--50)\">\n<figure class=\"wp-block-image aligncenter size-full is-resized has-custom-border service-icon wp-duotone-unset-3\"><img loading=\"lazy\" decoding=\"async\" width=\"96\" height=\"96\" src=\"https:\/\/www.monkadigital.com\/wp-content\/uploads\/2025\/09\/Frame-2.png\" alt=\"\" class=\"wp-image-171\" style=\"border-radius:10px;width:auto;height:50px\"\/><\/figure>\n\n\n\n<h4 class=\"wp-block-heading has-text-align-center service-heading has-heading-color has-text-color has-link-color wp-elements-f65a4e3eb48841ac4b281da60c38336b\" style=\"margin-top:0;margin-bottom:0;font-size:18px;font-style:normal;font-weight:600\"><a href=\"#\">Sosyal Medya<\/a><\/h4>\n\n\n\n<p class=\"has-text-align-center service-text has-text-color has-link-color wp-elements-4aee9998b1533d0125f95cd532454067\" style=\"color:#1f2a44;margin-top:var(--wp--preset--spacing--20);margin-right:0;margin-bottom:var(--wp--preset--spacing--20);margin-left:0;padding-right:var(--wp--preset--spacing--20);padding-left:var(--wp--preset--spacing--20);font-size:16px\"><mark style=\"background-color:rgba(0, 0, 0, 0);color:#1f2a44\" class=\"has-inline-color\">Yarat\u0131c\u0131 i\u00e7erikler ve \u00f6zg\u00fcn payla\u015f\u0131mlarla kitlenize ula\u015f\u0131yoruz<\/mark><\/p>\n\n\n\n<div class=\"wp-block-buttons service-btn is-content-justification-center is-layout-flex wp-container-core-buttons-is-layout-e3757797 wp-block-buttons-is-layout-flex\" style=\"margin-top:0;margin-bottom:0;padding-top:0;padding-right:0;padding-bottom:0;padding-left:0\">\n<div class=\"wp-block-button\"><a class=\"wp-block-button__link has-background-background-color has-background has-custom-font-size wp-element-button\" href=\"https:\/\/www.monkadigital.com\/index.php\/sosyal-medya\/\" style=\"border-radius:50px;padding-top:var(--wp--preset--spacing--20);padding-right:var(--wp--preset--spacing--40);padding-bottom:var(--wp--preset--spacing--20);padding-left:var(--wp--preset--spacing--40);font-size:20px;line-height:1.5\"><img decoding=\"async\" class=\"wp-image-22\" style=\"width: 12px;\" src=\"https:\/\/www.monkadigital.com\/wp-content\/themes\/creative-design-agency\/assets\/images\/arrow.png\" alt=\"\"><\/a><\/div>\n<\/div>\n<\/div>\n<\/div>\n\n\n\n<div class=\"wp-block-column is-vertically-aligned-center service-box4 wow bounceInDown center has-background is-layout-flow wp-block-column-is-layout-flow\" style=\"border-radius:15px;background-color:#0000;padding-top:0;padding-right:0;padding-bottom:0;padding-left:0\">\n<div class=\"wp-block-group services-inner-box has-border-color has-background is-layout-constrained wp-container-core-group-is-layout-1595a17d wp-block-group-is-layout-constrained\" style=\"border-color:#eaebee;border-width:1px;background:linear-gradient(135deg,rgb(255,237,241) 0%,rgb(241,240,255) 51%,rgb(236,242,252) 100%);padding-top:var(--wp--preset--spacing--70);padding-right:var(--wp--preset--spacing--50);padding-bottom:var(--wp--preset--spacing--70);padding-left:var(--wp--preset--spacing--50)\">\n<figure class=\"wp-block-image aligncenter size-full is-resized has-custom-border service-icon wp-duotone-unset-4\"><img loading=\"lazy\" decoding=\"async\" width=\"96\" height=\"96\" src=\"https:\/\/www.monkadigital.com\/wp-content\/uploads\/2025\/09\/Frame-4.png\" alt=\"\" class=\"wp-image-175\" style=\"border-radius:10px;width:auto;height:50px\"\/><\/figure>\n\n\n\n<h4 class=\"wp-block-heading has-text-align-center service-heading has-heading-color has-text-color has-link-color wp-elements-266c2d6efe32ca6a911da33559466ee1\" style=\"margin-top:0;margin-bottom:0;font-size:18px;font-style:normal;font-weight:600\"><a href=\"#\">Grafik Tasar\u0131m<\/a><\/h4>\n\n\n\n<p class=\"has-text-align-center service-text has-text-color has-link-color wp-elements-2e4efcf8bc4f45e1be97ac798ed28cb5\" style=\"color:#1f2a44;margin-top:var(--wp--preset--spacing--20);margin-right:0;margin-bottom:var(--wp--preset--spacing--20);margin-left:0;padding-right:var(--wp--preset--spacing--20);padding-left:var(--wp--preset--spacing--20);font-size:16px\"><mark style=\"background-color:rgba(0, 0, 0, 0);color:#1f2a44\" class=\"has-inline-color\">Markan\u0131za \u00f6zel g\u00fc\u00e7l\u00fc tasar\u0131mlarla fark yarat\u0131yoruz<\/mark><\/p>\n\n\n\n<div class=\"wp-block-buttons service-btn is-content-justification-center is-layout-flex wp-container-core-buttons-is-layout-e3757797 wp-block-buttons-is-layout-flex\" style=\"margin-top:0;margin-bottom:0;padding-top:0;padding-right:0;padding-bottom:0;padding-left:0\">\n<div class=\"wp-block-button\"><a class=\"wp-block-button__link has-background-background-color has-background has-custom-font-size wp-element-button\" href=\"https:\/\/www.monkadigital.com\/index.php\/grafik-tasarim\/\" style=\"border-radius:50px;padding-top:var(--wp--preset--spacing--20);padding-right:var(--wp--preset--spacing--40);padding-bottom:var(--wp--preset--spacing--20);padding-left:var(--wp--preset--spacing--40);font-size:20px;line-height:1.5\"><img decoding=\"async\" class=\"wp-image-22\" style=\"width: 12px;\" src=\"https:\/\/www.monkadigital.com\/wp-content\/themes\/creative-design-agency\/assets\/images\/arrow02.png\" alt=\"\"><\/a><\/div>\n<\/div>\n<\/div>\n<\/div>\n<\/div>\n<\/div>\n<\/div>\n","protected":false},"excerpt":{"rendered":"<p>Web Tasar\u0131m Mobil uyumlu, modern ve h\u0131zl\u0131 web siteleri tasarl\u0131yoruz Dijital Pazarlama Google ve sosyal medya reklamlar\u0131yla sizi \u00f6ne \u00e7\u0131kar\u0131yoruz Sosyal Medya Yarat\u0131c\u0131 i\u00e7erikler ve \u00f6zg\u00fcn payla\u015f\u0131mlarla kitlenize ula\u015f\u0131yoruz Grafik Tasar\u0131m Markan\u0131za \u00f6zel g\u00fc\u00e7l\u00fc tasar\u0131mlarla fark yarat\u0131yoruz<\/p>\n","protected":false},"author":1,"featured_media":0,"parent":0,"menu_order":0,"comment_status":"closed","ping_status":"closed","template":"","meta":{"footnotes":""},"class_list":["post-34","page","type-page","status-publish","hentry"],"_links":{"self":[{"href":"https:\/\/www.monkadigital.com\/index.php\/wp-json\/wp\/v2\/pages\/34","targetHints":{"allow":["GET"]}}],"collection":[{"href":"https:\/\/www.monkadigital.com\/index.php\/wp-json\/wp\/v2\/pages"}],"about":[{"href":"https:\/\/www.monkadigital.com\/index.php\/wp-json\/wp\/v2\/types\/page"}],"author":[{"embeddable":true,"href":"https:\/\/www.monkadigital.com\/index.php\/wp-json\/wp\/v2\/users\/1"}],"replies":[{"embeddable":true,"href":"https:\/\/www.monkadigital.com\/index.php\/wp-json\/wp\/v2\/comments?post=34"}],"version-history":[{"count":4,"href":"https:\/\/www.monkadigital.com\/index.php\/wp-json\/wp\/v2\/pages\/34\/revisions"}],"predecessor-version":[{"id":286,"href":"https:\/\/www.monkadigital.com\/index.php\/wp-json\/wp\/v2\/pages\/34\/revisions\/286"}],"wp:attachment":[{"href":"https:\/\/www.monkadigital.com\/index.php\/wp-json\/wp\/v2\/media?parent=34"}],"curies":[{"name":"wp","href":"https:\/\/api.w.org\/{rel}","templated":true}]}}